{"id":559,"date":"2019-11-23T19:05:06","date_gmt":"2019-11-23T18:05:06","guid":{"rendered":"http:\/\/musikverein-sinzenich.de\/?page_id=559"},"modified":"2021-04-29T09:16:33","modified_gmt":"2021-04-29T07:16:33","slug":"chronik","status":"publish","type":"page","link":"https:\/\/musikverein-sinzenich.de\/index.php\/chronik\/","title":{"rendered":"Satzung"},"content":{"rendered":"<p><div class=\"fusion-fullwidth fullwidth-box fusion-builder-row-1 nonhundred-percent-fullwidth non-hundred-percent-height-scrolling\" style=\"--awb-border-radius-top-left:0px;--awb-border-radius-top-right:0px;--awb-border-radius-bottom-right:0px;--awb-border-radius-bottom-left:0px;--awb-flex-wrap:wrap;\" ><div class=\"fusion-builder-row fusion-row\"><div class=\"fusion-layout-column fusion_builder_column fusion-builder-column-0 fusion_builder_column_2_3 2_3 fusion-two-third fusion-column-first\" style=\"--awb-padding-top:30px;--awb-padding-right:30px;--awb-padding-bottom:30px;--awb-padding-left:30px;--awb-overflow:hidden;--awb-bg-color:#ffffff;--awb-bg-color-hover:#ffffff;--awb-bg-size:cover;--awb-box-shadow:0px 5px 12px 0px rgba(0,0,0,0.1);;--awb-border-radius:2px 2px 2px 2px;--awb-margin-bottom:0px;width:66.666666666667%;width:calc(66.666666666667% - ( ( 4% ) * 0.66666666666667 ) );margin-right: 4%;\"><div class=\"fusion-column-wrapper fusion-column-has-shadow fusion-flex-column-wrapper-legacy\"><div class=\"fusion-title title fusion-title-1 fusion-sep-none fusion-title-text fusion-title-size-one\"><h1 class=\"fusion-title-heading title-heading-left\" style=\"margin:0;\"><h1>Satzung<\/h1><\/h1><\/div><div class=\"fusion-sep-clear\"><\/div><div class=\"fusion-separator fusion-full-width-sep\" style=\"margin-left: auto;margin-right: auto;margin-bottom:20px;width:100%;\"><div class=\"fusion-separator-border sep-single\" style=\"--awb-height:20px;--awb-amount:20px;border-color:#cccccc;border-top-width:2px;\"><\/div><\/div><div class=\"fusion-sep-clear\"><\/div><div class=\"fusion-text fusion-text-1\"><h2><strong>Satzung des Musikvereins Sinzenich 1952 e.V. Z\u00fclpich-Sinzenich<\/strong><\/h2>\n<p><strong>\u00a7 1 Name und Sitz<\/strong><\/p>\n<ol>\n<li>Der am 01. Februar 1952 gegr\u00fcndete Verein tr\u00e4gt den Namen \u201eMusikverein Sinzenich 1952 e.V.\u201c und ist im Vereinsregister des Amtsgericht Euskirchen unter VR 470 eingetragen.<\/li>\n<li>Sitz des Vereines ist Z\u00fclpich-Sinzenich.<\/li>\n<\/ol>\n<p><strong>\u00a7 2 Zweck des Vereins<\/strong><\/p>\n<ol>\n<li>Der Musikverein verfolgt ausschlie\u00dflich und unmittelbar die F\u00f6rderung von Kunst und Kultur. Der Satzungszweck wird verwirklicht insbesondere durch Pflege der Musik (Blasmusik) und Pflege des Liedgutes.<\/li>\n<li>Der Verein ist selbstlos t\u00e4tig; er verfolgt nicht in erster Linie eigenwirtschaftliche Zwecke.<\/li>\n<li>Der Verein unterh\u00e4lt ein Jugendorchester und unterst\u00fctzt die musikalische Ausbildung der Jugendlichen.<\/li>\n<li>Mittel des Vereins d\u00fcrfen nur f\u00fcr die Satzungsm\u00e4\u00dfigen Zwecke verwendet werden. Die Mitglieder erhalten keine Zuwendung aus Mitteln des Vereins.<\/li>\n<\/ol>\n<p><strong>\u00a7 3 Mitgliedschaft<\/strong><\/p>\n<ol>\n<li>Mitglied (aktives oder f\u00f6rderndes) kann jeder werden, der das 18. Lebensjahr vollendet hat. Der Aufnahmeantrag ist an den Gesch\u00e4ftsf\u00fchrer zu richten. Dieser legt es dem Vorstand zur Beschlussfassung vor. Das neu eintretende Mitglied hat eine Aufnahmegeb\u00fchr zu zahlen, falls eine solche vom Vorstand beschlossen wird.<\/li>\n<li>Jugendliche ab dem vollendeten 8. Lebensjahr bis zur Vollendung des 18. Lebensjahres geh\u00f6ren der Jugendgruppe an. Sie werden mit Vollendung des 18. Lebensjahres automatisch Mitglied des Vereins.<\/li>\n<li>Mitglieder oder sonstige Personen d\u00fcrfen nicht durch Ausgaben, die dem Zweck des Vereins fremd sind, oder durch unverh\u00e4ltnism\u00e4\u00dfig hohe Verg\u00fctungen beg\u00fcnstigt werden.<\/li>\n<\/ol>\n<p><strong> \u00a7 4 Ehrenmitgliedschaft<\/strong><\/p>\n<p>Verdiente Mitglieder des Vereins oder den Verein f\u00f6rdernde Personen k\u00f6nnen durch Beschluss der Mitgliederversammlung zu Ehrenmitgliedern ernannt werden.<\/p>\n<p><strong>\u00a7 5 Erl\u00f6schen der Mitgliedschaft<\/strong><\/p>\n<ol>\n<li>Die Mitgliedschaft erlischt durch Tod, Austritt oder Ausschluss.<\/li>\n<li>Der Austritt ist dem Gesch\u00e4ftsf\u00fchrer schriftlich anzuzeigen und von diesem dem Vorstand mitzuteilen.<\/li>\n<li>Der Ausschluss eines Mitglieds kann erfolgen, wenn ein Mitglied der Satzung und dem Interesse des Musikvereins zuwiderhandelt, das Ansehen des Musikvereins gef\u00e4hrdet oder den Proben und Auftritten ohne triften Grund f\u00fcr l\u00e4ngere Zeit fernbleibt.<\/li>\n<li>Der Ausschluss kann durch Beschluss des Vorstandes ausgesprochen werden. Bei Berufung gegen diesen Beschluss entscheidet die n\u00e4chste Mitgliederversammlung mit einfacher Mehrheit. Das ausscheidende Mitglied hat auf das Verm\u00f6gen des Vereins keinen Anspruch.<\/li>\n<li>Etwaige Besitzt\u00fcmer des Vereins sind demselben zu H\u00e4nden des Zeugwarts unverz\u00fcglich zur\u00fcckzugeben.<\/li>\n<\/ol>\n<p><strong>\u00a7 6 Rechte und Pflichten der Mitglieder<\/strong><\/p>\n<ol>\n<li>Die Mitglieder sind verpflichtet sich an allen Versammlungen und Veranstaltungen zu beteiligen.<\/li>\n<li>Die Teilnahme an Proben und Auftritten wird anhand der Anwesenheitsliste durch ein Punktesystem bewertet. Diese Bewertung (Auswertung) kann als Grundlage eines jeden aktiven Mitglieds f\u00fcr die Kostenbeteiligung an eventuell stattfindenden Vereinsfahrten dienen.<\/li>\n<li>Die Mitglieder sind insbesondere verpflichtet, stets das Ansehen des Vereins durch tatkr\u00e4ftige Mitarbeit zu f\u00f6rdern und an den festgesetzten \u00dcbungsabenden teilzunehmen.<\/li>\n<li>Die H\u00f6he des Mitgliederbeitrages wird durch Beschluss der Mitgliederversammlung mit Stimmenmehrheit festgesetzt.<\/li>\n<li>Das Gesch\u00e4ftsjahr ist das Kalenderjahr.<\/li>\n<\/ol>\n<p><strong>\u00a7 7 Jugendorchester<\/strong><\/p>\n<p>Diese Satzung gilt uneingeschr\u00e4nkt auch f\u00fcr das Jugendorchester.<\/p>\n<p><strong>\u00a7 8 Mitgliederversammlung<\/strong><\/p>\n<ol>\n<li>Die Mitgliederversammlung wird vom Vorsitzenden oder vom stellvertretenden Vorsitzenden oder auf Antrag eines Vorstandsmitgliedes durch Benachrichtigung aller Mitglieder in schriftlicher oder digitaler Form oder durch Aushang im Probenlokal einberufen.<\/li>\n<li>Gleichzeitig ist nach Beschluss des Vorstandes die Tagesordnung bekanntzugeben. Die Einberufung muss mindestens drei Tage vor er Mitgliederversammlung erfolgen.<\/li>\n<li>An den Mitgliederversammlungen nehmen nur die aktiven Mitglieder als stimmberechtigte Mitglieder teil.<\/li>\n<li>Mindestens einmal j\u00e4hrlich ist eine Mitgliederversammlung einzuberufen.<\/li>\n<li>Au\u00dferordentliche Mitgliederversammlungen k\u00f6nnen bei Bedarf einberufen werden.<\/li>\n<li>Die Mitgliederversammlungen werden vom Vorsitzende, im Falle seiner Verhinderung vom stellvertretenden Vorsitzenden geleitet.<\/li>\n<li>Die Beschl\u00fcsse der Mitgliederversammlung werden mit einfacher Mehrheit der anwesenden Mitglieder gefasst. Das Protokoll der Mitgliederversammlung ist vom Vorsitzenden bzw. stellvertretenden Vorsitzenden und dem Gesch\u00e4ftsf\u00fchrer zu unterzeichnen.<\/li>\n<\/ol>\n<p><strong>\u00a7 9 Der Vorstand<\/strong><\/p>\n<ol>\n<li>Der Vorstand besteht aus:\n<ul>\n<li>Vorsitzender<\/li>\n<li>stellvertr. Vorsitzender<\/li>\n<li>Gesch\u00e4ftsf\u00fchrer<\/li>\n<li>Kassierer<\/li>\n<li>stellvertr. Kassierer<\/li>\n<li>zwei Beisitzer<\/li>\n<\/ul>\n<\/li>\n<li>Daneben besteht ein erweiterter Vorstand, bestehend aus:\n<ul>\n<li>Zeugwart<\/li>\n<li>Notenwart<\/li>\n<li>Jugendwart<\/li>\n<\/ul>\n<\/li>\n<li>Der Vorstand wird durch die Mitgliederversammlung auf die Dauer von drei Jahren gew\u00e4hlt.<\/li>\n<li>Der Vorsitzende oder sein Stellvertreter laden zu Vorstandssitzungen ein.<\/li>\n<li>Die Wiederwahl des gesamten Vorstandes oder eines einzelnen Vorstandsmitgliedes ist m\u00f6glich.<\/li>\n<li>Bei vorzeitigem Ausscheiden eines Vorstandsmitgliedes erfolgt eine Ersatzwahl f\u00fcr den Rest der Amtszeit.<\/li>\n<li>Der Vorstand beschlie\u00dft mit einfacher Stimmenmehrheit der anwesenden Vorstandsmitglieder.<\/li>\n<li>Zu den Vorstandssitzungen sind auch etwaige Ehrenvorsitzende sowie die Vertreter der Jugendgruppe einzuladen; diese haben nur beratende Stimmen.<\/li>\n<\/ol>\n<p><strong>\u00a7 10 Gesch\u00e4ftsf\u00fchrender Vorstand<\/strong><\/p>\n<p>Gesch\u00e4ftsf\u00fchrender Vorstand gem. \u00a7 26 BGB sind der Vorsitzende, der stellvertretende Vorsitzende, der Gesch\u00e4ftsf\u00fchrer und der Kassierer. Je zwei Personen vertreten den Verein gemeinsam.<\/p>\n<p><strong>\u00a7 11 Aufl\u00f6sung des Vereins<\/strong><\/p>\n<ol>\n<li>Die Aufl\u00f6sung des Vereins kann nur in einer, besonders zu diesem Zweck mit einer Frist von einem Monat einzuberufenden au\u00dferordentlichen Mitgliederversammlung, mit einer Mehrheit von drei Vierteln der anwesenden Mitglieder beschlossen werden.<\/li>\n<li>Bei Aufl\u00f6sung des Vereins oder bei Wegfall steuerbeg\u00fcnstigter Zwecke ist das Verm\u00f6gen zu steuerbeg\u00fcnstigten Zwecken zu verwenden. Beschl\u00fcsse \u00fcber die k\u00fcnftige Verwendung des Verm\u00f6gens d\u00fcrfen erst nach Einwilligung des Finanzamtes ausgef\u00fchrt werden.<\/li>\n<\/ol>\n<p><strong>\u00a7 12 \u00c4nderung der Satzung<\/strong><\/p>\n<p>\u00c4nderungen der Satzung sind mit dreiviertel Mehrheit der in der Mitgliederversammlung erschienenen Mitglieder zu beschlie\u00dfen.<\/p>\n<p>Sinzenich, der 02. April 2017<\/p>\n<\/div><div class=\"fusion-clearfix\"><\/div><\/div><\/div><\/div><\/div><div class=\"fusion-fullwidth fullwidth-box fusion-builder-row-2 nonhundred-percent-fullwidth non-hundred-percent-height-scrolling\" style=\"--awb-border-radius-top-left:0px;--awb-border-radius-top-right:0px;--awb-border-radius-bottom-right:0px;--awb-border-radius-bottom-left:0px;--awb-margin-top:50px;--awb-flex-wrap:wrap;\" ><div class=\"fusion-builder-row fusion-row\"><div class=\"fusion-layout-column fusion_builder_column fusion-builder-column-1 fusion_builder_column_1_1 1_1 fusion-one-full fusion-column-first fusion-column-last\" style=\"--awb-bg-size:cover;--awb-margin-bottom:0px;\"><div class=\"fusion-column-wrapper fusion-column-has-shadow fusion-flex-column-wrapper-legacy\"><div class=\"fusion-section-separator section-separator curved fusion-section-separator-1\" style=\"--awb-spacer-height:99px;--awb-svg-margin-left:0;--awb-svg-margin-right:0;--awb-divider-height:99px;--awb-spacer-padding-top:inherit;--awb-sep-padding:0;--awb-svg-padding:0;\"><div class=\"fusion-section-separator-svg\"><svg class=\"fusion-curved-candy\" xmlns=\"http:\/\/www.w3.org\/2000\/svg\" version=\"1.1\" width=\"100%\" height=\"100\" viewBox=\"0 0 100 100\" preserveAspectRatio=\"none\" fill=\"rgba(216,0,0,1)\"><path d=\"M0 100 C 20 0 50 0 100 100 Z\"><\/path><\/svg><\/div><div class=\"fusion-section-separator-spacer\"><div class=\"fusion-section-separator-spacer-height\"><\/div><\/div><\/div><div class=\"fusion-clearfix\"><\/div><\/div><\/div><\/div><\/div>\n<\/p>\n","protected":false},"excerpt":{"rendered":"","protected":false},"author":1,"featured_media":0,"parent":0,"menu_order":0,"comment_status":"closed","ping_status":"closed","template":"100-width.php","meta":{"footnotes":""},"class_list":["post-559","page","type-page","status-publish","hentry"],"yoast_head":"<!-- This site is optimized with the Yoast SEO plugin v27.5 - https:\/\/yoast.com\/product\/yoast-seo-wordpress\/ -->\n<title>Satzung - Musikverein Sinzenich 1952 e.V.<\/title>\n<meta name=\"robots\" content=\"noindex, nofollow\" \/>\n<meta property=\"og:locale\" content=\"de_DE\" \/>\n<meta property=\"og:type\" content=\"article\" \/>\n<meta property=\"og:title\" content=\"Satzung - Musikverein Sinzenich 1952 e.V.\" \/>\n<meta property=\"og:url\" content=\"https:\/\/musikverein-sinzenich.de\/index.php\/chronik\/\" \/>\n<meta property=\"og:site_name\" content=\"Musikverein Sinzenich 1952 e.V.\" \/>\n<meta property=\"article:modified_time\" content=\"2021-04-29T07:16:33+00:00\" \/>\n<meta name=\"twitter:card\" content=\"summary_large_image\" \/>\n<meta name=\"twitter:label1\" content=\"Gesch\u00e4tzte Lesezeit\" \/>\n\t<meta name=\"twitter:data1\" content=\"6\u00a0Minuten\" \/>\n<script type=\"application\/ld+json\" class=\"yoast-schema-graph\">{\"@context\":\"https:\\\/\\\/schema.org\",\"@graph\":[{\"@type\":\"WebPage\",\"@id\":\"https:\\\/\\\/musikverein-sinzenich.de\\\/index.php\\\/chronik\\\/\",\"url\":\"https:\\\/\\\/musikverein-sinzenich.de\\\/index.php\\\/chronik\\\/\",\"name\":\"Satzung - Musikverein Sinzenich 1952 e.V.\",\"isPartOf\":{\"@id\":\"https:\\\/\\\/musikverein-sinzenich.de\\\/#website\"},\"datePublished\":\"2019-11-23T18:05:06+00:00\",\"dateModified\":\"2021-04-29T07:16:33+00:00\",\"breadcrumb\":{\"@id\":\"https:\\\/\\\/musikverein-sinzenich.de\\\/index.php\\\/chronik\\\/#breadcrumb\"},\"inLanguage\":\"de\",\"potentialAction\":[{\"@type\":\"ReadAction\",\"target\":[\"https:\\\/\\\/musikverein-sinzenich.de\\\/index.php\\\/chronik\\\/\"]}]},{\"@type\":\"BreadcrumbList\",\"@id\":\"https:\\\/\\\/musikverein-sinzenich.de\\\/index.php\\\/chronik\\\/#breadcrumb\",\"itemListElement\":[{\"@type\":\"ListItem\",\"position\":1,\"name\":\"Startseite\",\"item\":\"https:\\\/\\\/musikverein-sinzenich.de\\\/\"},{\"@type\":\"ListItem\",\"position\":2,\"name\":\"Satzung\"}]},{\"@type\":\"WebSite\",\"@id\":\"https:\\\/\\\/musikverein-sinzenich.de\\\/#website\",\"url\":\"https:\\\/\\\/musikverein-sinzenich.de\\\/\",\"name\":\"Musikverein Sinzenich 1952 e.V.\",\"description\":\"Herzlich Willkommen auf der Webseite des MV Sinzenich!\",\"potentialAction\":[{\"@type\":\"SearchAction\",\"target\":{\"@type\":\"EntryPoint\",\"urlTemplate\":\"https:\\\/\\\/musikverein-sinzenich.de\\\/?s={search_term_string}\"},\"query-input\":{\"@type\":\"PropertyValueSpecification\",\"valueRequired\":true,\"valueName\":\"search_term_string\"}}],\"inLanguage\":\"de\"}]}<\/script>\n<!-- \/ Yoast SEO plugin. -->","yoast_head_json":{"title":"Satzung - Musikverein Sinzenich 1952 e.V.","robots":{"index":"noindex","follow":"nofollow"},"og_locale":"de_DE","og_type":"article","og_title":"Satzung - Musikverein Sinzenich 1952 e.V.","og_url":"https:\/\/musikverein-sinzenich.de\/index.php\/chronik\/","og_site_name":"Musikverein Sinzenich 1952 e.V.","article_modified_time":"2021-04-29T07:16:33+00:00","twitter_card":"summary_large_image","twitter_misc":{"Gesch\u00e4tzte Lesezeit":"6\u00a0Minuten"},"schema":{"@context":"https:\/\/schema.org","@graph":[{"@type":"WebPage","@id":"https:\/\/musikverein-sinzenich.de\/index.php\/chronik\/","url":"https:\/\/musikverein-sinzenich.de\/index.php\/chronik\/","name":"Satzung - Musikverein Sinzenich 1952 e.V.","isPartOf":{"@id":"https:\/\/musikverein-sinzenich.de\/#website"},"datePublished":"2019-11-23T18:05:06+00:00","dateModified":"2021-04-29T07:16:33+00:00","breadcrumb":{"@id":"https:\/\/musikverein-sinzenich.de\/index.php\/chronik\/#breadcrumb"},"inLanguage":"de","potentialAction":[{"@type":"ReadAction","target":["https:\/\/musikverein-sinzenich.de\/index.php\/chronik\/"]}]},{"@type":"BreadcrumbList","@id":"https:\/\/musikverein-sinzenich.de\/index.php\/chronik\/#breadcrumb","itemListElement":[{"@type":"ListItem","position":1,"name":"Startseite","item":"https:\/\/musikverein-sinzenich.de\/"},{"@type":"ListItem","position":2,"name":"Satzung"}]},{"@type":"WebSite","@id":"https:\/\/musikverein-sinzenich.de\/#website","url":"https:\/\/musikverein-sinzenich.de\/","name":"Musikverein Sinzenich 1952 e.V.","description":"Herzlich Willkommen auf der Webseite des MV Sinzenich!","potentialAction":[{"@type":"SearchAction","target":{"@type":"EntryPoint","urlTemplate":"https:\/\/musikverein-sinzenich.de\/?s={search_term_string}"},"query-input":{"@type":"PropertyValueSpecification","valueRequired":true,"valueName":"search_term_string"}}],"inLanguage":"de"}]}},"_links":{"self":[{"href":"https:\/\/musikverein-sinzenich.de\/index.php\/wp-json\/wp\/v2\/pages\/559","targetHints":{"allow":["GET"]}}],"collection":[{"href":"https:\/\/musikverein-sinzenich.de\/index.php\/wp-json\/wp\/v2\/pages"}],"about":[{"href":"https:\/\/musikverein-sinzenich.de\/index.php\/wp-json\/wp\/v2\/types\/page"}],"author":[{"embeddable":true,"href":"https:\/\/musikverein-sinzenich.de\/index.php\/wp-json\/wp\/v2\/users\/1"}],"replies":[{"embeddable":true,"href":"https:\/\/musikverein-sinzenich.de\/index.php\/wp-json\/wp\/v2\/comments?post=559"}],"version-history":[{"count":6,"href":"https:\/\/musikverein-sinzenich.de\/index.php\/wp-json\/wp\/v2\/pages\/559\/revisions"}],"predecessor-version":[{"id":1080,"href":"https:\/\/musikverein-sinzenich.de\/index.php\/wp-json\/wp\/v2\/pages\/559\/revisions\/1080"}],"wp:attachment":[{"href":"https:\/\/musikverein-sinzenich.de\/index.php\/wp-json\/wp\/v2\/media?parent=559"}],"curies":[{"name":"wp","href":"https:\/\/api.w.org\/{rel}","templated":true}]}}