{"id":1260,"date":"2024-11-18T18:24:56","date_gmt":"2024-11-18T17:24:56","guid":{"rendered":"https:\/\/musikverein-sinzenich.de\/?page_id=1260"},"modified":"2024-11-18T18:32:49","modified_gmt":"2024-11-18T17:32:49","slug":"2024-2","status":"publish","type":"page","link":"https:\/\/musikverein-sinzenich.de\/index.php\/2024-2\/","title":{"rendered":"2024"},"content":{"rendered":"<p><div class=\"fusion-fullwidth fullwidth-box fusion-builder-row-1 nonhundred-percent-fullwidth non-hundred-percent-height-scrolling\" style=\"--awb-border-radius-top-left:0px;--awb-border-radius-top-right:0px;--awb-border-radius-bottom-right:0px;--awb-border-radius-bottom-left:0px;--awb-flex-wrap:wrap;\" ><div class=\"fusion-builder-row fusion-row\"><div class=\"fusion-layout-column fusion_builder_column fusion-builder-column-0 fusion_builder_column_2_3 2_3 fusion-two-third fusion-column-first\" style=\"--awb-padding-top:30px;--awb-padding-right:30px;--awb-padding-bottom:30px;--awb-padding-left:30px;--awb-overflow:hidden;--awb-bg-color:#ffffff;--awb-bg-color-hover:#ffffff;--awb-bg-size:cover;--awb-box-shadow:0px 5px 12px 0px rgba(0,0,0,0.1);;--awb-border-radius:2px 2px 2px 2px;--awb-margin-bottom:0px;width:66.666666666667%;width:calc(66.666666666667% - ( ( 4% ) * 0.66666666666667 ) );margin-right: 4%;\"><div class=\"fusion-column-wrapper fusion-column-has-shadow fusion-flex-column-wrapper-legacy\"><div class=\"fusion-title title fusion-title-1 fusion-sep-none fusion-title-text fusion-title-size-one\"><h1 class=\"fusion-title-heading title-heading-left\" style=\"margin:0;\"><h1>Aus dem Jahre 2024<\/h1><\/h1><\/div><div class=\"fusion-sep-clear\"><\/div><div class=\"fusion-separator fusion-full-width-sep\" style=\"margin-left: auto;margin-right: auto;margin-bottom:20px;width:100%;\"><div class=\"fusion-separator-border sep-single\" style=\"--awb-height:20px;--awb-amount:20px;border-color:#cccccc;border-top-width:2px;\"><\/div><\/div><div class=\"fusion-sep-clear\"><\/div><div class=\"fusion-builder-row fusion-builder-row-inner fusion-row\"><div class=\"fusion-layout-column fusion_builder_column_inner fusion-builder-nested-column-0 fusion_builder_column_inner_3_4 3_4 fusion-three-fourth fusion-column-first\" style=\"--awb-bg-size:cover;--awb-margin-top:15px;--awb-margin-bottom:15px;width:75%;width:calc(75% - ( ( 4% ) * 0.75 ) );margin-right: 4%;\"><div class=\"fusion-column-wrapper fusion-column-has-shadow fusion-flex-column-wrapper-legacy\"><div class=\"fusion-title title fusion-title-2 fusion-sep-none fusion-title-text fusion-title-size-one\"><h1 class=\"fusion-title-heading title-heading-left\" style=\"margin:0;\"><h2><strong>Premiere f\u00fcr Musiknachwuchs<\/strong><\/h2><\/h1><\/div><div class=\"fusion-clearfix\"><\/div><\/div><\/div><div class=\"fusion-layout-column fusion_builder_column_inner fusion-builder-nested-column-1 fusion_builder_column_inner_1_4 1_4 fusion-one-fourth fusion-column-last\" style=\"--awb-bg-size:cover;--awb-margin-top:15px;--awb-margin-bottom:15px;width:25%;width:calc(25% - ( ( 4% ) * 0.25 ) );\"><div class=\"fusion-column-wrapper fusion-column-has-shadow fusion-flex-column-wrapper-legacy\"><div class=\"fusion-text fusion-text-1\"><h2 style=\"text-align: right; --fontSize: 23; line-height: 1.2; --minFontSize: 23;\" data-fontsize=\"23\" data-lineheight=\"27.6px\" class=\"fusion-responsive-typography-calculated\">10.11.2024<\/h2>\n<\/div><div class=\"fusion-clearfix\"><\/div><\/div><\/div><\/div><div class=\"fusion-text fusion-text-2\"><p><strong><em>St. Martin auf seinem Weg durch den Ort musikalisch begleitet<\/em><\/strong><\/p>\n<p>Seit vielen Jahren wird Jugendarbeit im Sinzenicher Musikverein gro\u00dfgeschrieben. Nach der Corona-Krise, die auch den MV Sinzenich hart getroffen hat, kann der Verein jetzt auf diesem Sektor wieder erste Erfolge verbuchen.<\/p>\n<p>Traditionell konnten die Nachwuchsmusiker und Musikerinnen beim Martinszug erstmals die Gelegenheit wahrnehmen, gemeinsam mit den \u201eGro\u00dfen\u201c, St. Martin samt seinem Tross auf seinem Weg durch \u201eAll die Stroo\u00dfe\u201c von Sinzenich musikalisch zu begleiten. Dieser lie\u00df es sich dann auch nicht nehmen, die M\u00e4dels und Jungs mit einem Wecken zu belohnen.<\/p>\n<p>Dass dieses musikalische Zusammenspiel so harmonisch funktionierte, ist vor allem Andrea Cosman zu verdanken, die sich seit Jahren der F\u00f6rderung und Ausbildung des musikalischen Nachwuchses angenommen hat.<\/p>\n<p>N\u00e4here Infos zu den Ausbildungsm\u00f6glichkeiten k\u00f6nnen unter:<\/p>\n<p><a href=\"https:\/\/musikverein-sinzenich.de\/index.php\/jugend\/\">https:\/\/musikverein-sinzenich.de\/index.php\/jugend\/<\/a><\/p>\n<p>abgerufen werden.<\/p>\n<\/div><div class=\"awb-gallery-wrapper awb-gallery-wrapper-1 button-span-no\" style=\"--more-btn-alignment:center;\"><div style=\"margin:-5px;--awb-bordersize:0px;\" class=\"fusion-gallery fusion-gallery-container fusion-grid-6 fusion-columns-total-2 fusion-gallery-layout-masonry fusion-gallery-1\"><div class=\"fusion-grid-column fusion-gallery-column fusion-gallery-column-6 hover-type-none fusion-grid-sizer\"><\/div><div style=\"padding:5px;\" class=\"fusion-grid-column fusion-gallery-column fusion-gallery-column-6 hover-type-none fusion-element-grid\"><div class=\"fusion-gallery-image\"><a href=\"https:\/\/musikverein-sinzenich.de\/wp-content\/uploads\/2024\/11\/IMG_3650-e1731951125322.jpg\" rel=\"noreferrer\" data-rel=\"iLightbox[gallery_image_1]\" class=\"fusion-lightbox\" target=\"_self\"><div style=\"padding-top:calc((100% + 10px) * 0.8 - 5px);background-position:;\" class=\"fusion-masonry-element-container lazyload\" data-bg=\"https:\/\/musikverein-sinzenich.de\/wp-content\/uploads\/2024\/11\/IMG_3650-e1731951125322.jpg\"><img decoding=\"async\" src=\"https:\/\/musikverein-sinzenich.de\/wp-content\/uploads\/2024\/11\/IMG_3650-e1731951125322.jpg\" data-orig-src=\"https:\/\/musikverein-sinzenich.de\/wp-content\/uploads\/2024\/11\/IMG_3650-e1731951125322.jpg\" width=\"1061\" height=\"1414\" alt=\"\" title=\"IMG_3650\" aria-label=\"IMG_3650\" class=\"lazyload img-responsive wp-image-1261\" srcset=\"data:image\/svg+xml,%3Csvg%20xmlns%3D%27http%3A%2F%2Fwww.w3.org%2F2000%2Fsvg%27%20width%3D%271061%27%20height%3D%271414%27%20viewBox%3D%270%200%201061%201414%27%3E%3Crect%20width%3D%271061%27%20height%3D%271414%27%20fill-opacity%3D%220%22%2F%3E%3C%2Fsvg%3E\" data-srcset=\"https:\/\/musikverein-sinzenich.de\/wp-content\/uploads\/2024\/11\/IMG_3650-e1731951125322-200x267.jpg 200w, https:\/\/musikverein-sinzenich.de\/wp-content\/uploads\/2024\/11\/IMG_3650-e1731951125322-400x533.jpg 400w, https:\/\/musikverein-sinzenich.de\/wp-content\/uploads\/2024\/11\/IMG_3650-e1731951125322-600x800.jpg 600w, https:\/\/musikverein-sinzenich.de\/wp-content\/uploads\/2024\/11\/IMG_3650-e1731951125322-800x1066.jpg 800w, https:\/\/musikverein-sinzenich.de\/wp-content\/uploads\/2024\/11\/IMG_3650-e1731951125322.jpg 1061w\" data-sizes=\"auto\" data-orig-sizes=\"(min-width: 2200px) 100vw, (min-width: 1000px) 179px, (min-width: 928px) 215px, (min-width: 856px) 269px, (min-width: 784px) 358px, (min-width: 712px) 538px, (min-width: 640px) 712px, \" \/><\/div><\/a><\/div><\/div><div style=\"padding:5px;\" class=\"fusion-grid-column fusion-gallery-column fusion-gallery-column-6 hover-type-none fusion-element-grid\"><div class=\"fusion-gallery-image\"><a href=\"https:\/\/musikverein-sinzenich.de\/wp-content\/uploads\/2024\/11\/IMG_3666.jpg\" rel=\"noreferrer\" data-rel=\"iLightbox[gallery_image_1]\" class=\"fusion-lightbox\" target=\"_self\"><div style=\"padding-top:calc((100% + 10px) * 0.8 - 5px);background-position:;\" class=\"fusion-masonry-element-container lazyload\" data-bg=\"https:\/\/musikverein-sinzenich.de\/wp-content\/uploads\/2024\/11\/IMG_3666.jpg\"><img decoding=\"async\" src=\"https:\/\/musikverein-sinzenich.de\/wp-content\/uploads\/2024\/11\/IMG_3666.jpg\" data-orig-src=\"https:\/\/musikverein-sinzenich.de\/wp-content\/uploads\/2024\/11\/IMG_3666.jpg\" width=\"1414\" height=\"1061\" alt=\"\" title=\"IMG_3666\" aria-label=\"IMG_3666\" class=\"lazyload img-responsive wp-image-1262\" srcset=\"data:image\/svg+xml,%3Csvg%20xmlns%3D%27http%3A%2F%2Fwww.w3.org%2F2000%2Fsvg%27%20width%3D%271414%27%20height%3D%271061%27%20viewBox%3D%270%200%201414%201061%27%3E%3Crect%20width%3D%271414%27%20height%3D%271061%27%20fill-opacity%3D%220%22%2F%3E%3C%2Fsvg%3E\" data-srcset=\"https:\/\/musikverein-sinzenich.de\/wp-content\/uploads\/2024\/11\/IMG_3666-200x150.jpg 200w, https:\/\/musikverein-sinzenich.de\/wp-content\/uploads\/2024\/11\/IMG_3666-400x300.jpg 400w, https:\/\/musikverein-sinzenich.de\/wp-content\/uploads\/2024\/11\/IMG_3666-600x450.jpg 600w, https:\/\/musikverein-sinzenich.de\/wp-content\/uploads\/2024\/11\/IMG_3666-800x600.jpg 800w, https:\/\/musikverein-sinzenich.de\/wp-content\/uploads\/2024\/11\/IMG_3666-1200x900.jpg 1200w, https:\/\/musikverein-sinzenich.de\/wp-content\/uploads\/2024\/11\/IMG_3666.jpg 1414w\" data-sizes=\"auto\" data-orig-sizes=\"(min-width: 2200px) 100vw, (min-width: 1000px) 179px, (min-width: 928px) 215px, (min-width: 856px) 269px, (min-width: 784px) 358px, (min-width: 712px) 538px, (min-width: 640px) 712px, \" \/><\/div><\/a><\/div><\/div><\/div><\/div><div class=\"fusion-clearfix\"><\/div><\/div><\/div><\/div><\/div><div class=\"fusion-fullwidth fullwidth-box fusion-builder-row-2 nonhundred-percent-fullwidth non-hundred-percent-height-scrolling\" style=\"--awb-border-radius-top-left:0px;--awb-border-radius-top-right:0px;--awb-border-radius-bottom-right:0px;--awb-border-radius-bottom-left:0px;--awb-margin-top:50px;--awb-flex-wrap:wrap;\" ><div class=\"fusion-builder-row fusion-row\"><div class=\"fusion-layout-column fusion_builder_column fusion-builder-column-1 fusion_builder_column_1_1 1_1 fusion-one-full fusion-column-first fusion-column-last\" style=\"--awb-bg-size:cover;--awb-margin-bottom:0px;\"><div class=\"fusion-column-wrapper fusion-column-has-shadow fusion-flex-column-wrapper-legacy\"><div class=\"fusion-section-separator section-separator curved fusion-section-separator-1\" style=\"--awb-spacer-height:99px;--awb-svg-margin-left:0;--awb-svg-margin-right:0;--awb-divider-height:99px;--awb-spacer-padding-top:inherit;--awb-sep-padding:0;--awb-svg-padding:0;\"><div class=\"fusion-section-separator-svg\"><svg class=\"fusion-curved-candy\" xmlns=\"http:\/\/www.w3.org\/2000\/svg\" version=\"1.1\" width=\"100%\" height=\"100\" viewBox=\"0 0 100 100\" preserveAspectRatio=\"none\" fill=\"rgba(216,0,0,1)\"><path d=\"M0 100 C 20 0 50 0 100 100 Z\"><\/path><\/svg><\/div><div class=\"fusion-section-separator-spacer\"><div class=\"fusion-section-separator-spacer-height\"><\/div><\/div><\/div><div class=\"fusion-clearfix\"><\/div><\/div><\/div><\/div><\/div>\n<\/p>\n","protected":false},"excerpt":{"rendered":"","protected":false},"author":1,"featured_media":0,"parent":0,"menu_order":0,"comment_status":"closed","ping_status":"closed","template":"","meta":{"footnotes":""},"class_list":["post-1260","page","type-page","status-publish","hentry"],"yoast_head":"<!-- This site is optimized with the Yoast SEO plugin v27.5 - https:\/\/yoast.com\/product\/yoast-seo-wordpress\/ -->\n<title>2024 - Musikverein Sinzenich 1952 e.V.<\/title>\n<meta name=\"robots\" content=\"index, follow, max-snippet:-1, max-image-preview:large, max-video-preview:-1\" \/>\n<link rel=\"canonical\" href=\"https:\/\/musikverein-sinzenich.de\/index.php\/2024-2\/\" \/>\n<meta property=\"og:locale\" content=\"de_DE\" \/>\n<meta property=\"og:type\" content=\"article\" \/>\n<meta property=\"og:title\" content=\"2024 - Musikverein Sinzenich 1952 e.V.\" \/>\n<meta property=\"og:url\" content=\"https:\/\/musikverein-sinzenich.de\/index.php\/2024-2\/\" \/>\n<meta property=\"og:site_name\" content=\"Musikverein Sinzenich 1952 e.V.\" \/>\n<meta property=\"article:modified_time\" content=\"2024-11-18T17:32:49+00:00\" \/>\n<meta name=\"twitter:card\" content=\"summary_large_image\" \/>\n<meta name=\"twitter:label1\" content=\"Gesch\u00e4tzte Lesezeit\" \/>\n\t<meta name=\"twitter:data1\" content=\"2\u00a0Minuten\" \/>\n<script type=\"application\/ld+json\" class=\"yoast-schema-graph\">{\"@context\":\"https:\\\/\\\/schema.org\",\"@graph\":[{\"@type\":\"WebPage\",\"@id\":\"https:\\\/\\\/musikverein-sinzenich.de\\\/index.php\\\/2024-2\\\/\",\"url\":\"https:\\\/\\\/musikverein-sinzenich.de\\\/index.php\\\/2024-2\\\/\",\"name\":\"2024 - Musikverein Sinzenich 1952 e.V.\",\"isPartOf\":{\"@id\":\"https:\\\/\\\/musikverein-sinzenich.de\\\/#website\"},\"datePublished\":\"2024-11-18T17:24:56+00:00\",\"dateModified\":\"2024-11-18T17:32:49+00:00\",\"breadcrumb\":{\"@id\":\"https:\\\/\\\/musikverein-sinzenich.de\\\/index.php\\\/2024-2\\\/#breadcrumb\"},\"inLanguage\":\"de\",\"potentialAction\":[{\"@type\":\"ReadAction\",\"target\":[\"https:\\\/\\\/musikverein-sinzenich.de\\\/index.php\\\/2024-2\\\/\"]}]},{\"@type\":\"BreadcrumbList\",\"@id\":\"https:\\\/\\\/musikverein-sinzenich.de\\\/index.php\\\/2024-2\\\/#breadcrumb\",\"itemListElement\":[{\"@type\":\"ListItem\",\"position\":1,\"name\":\"Startseite\",\"item\":\"https:\\\/\\\/musikverein-sinzenich.de\\\/\"},{\"@type\":\"ListItem\",\"position\":2,\"name\":\"2024\"}]},{\"@type\":\"WebSite\",\"@id\":\"https:\\\/\\\/musikverein-sinzenich.de\\\/#website\",\"url\":\"https:\\\/\\\/musikverein-sinzenich.de\\\/\",\"name\":\"Musikverein Sinzenich 1952 e.V.\",\"description\":\"Herzlich Willkommen auf der Webseite des MV Sinzenich!\",\"potentialAction\":[{\"@type\":\"SearchAction\",\"target\":{\"@type\":\"EntryPoint\",\"urlTemplate\":\"https:\\\/\\\/musikverein-sinzenich.de\\\/?s={search_term_string}\"},\"query-input\":{\"@type\":\"PropertyValueSpecification\",\"valueRequired\":true,\"valueName\":\"search_term_string\"}}],\"inLanguage\":\"de\"}]}<\/script>\n<!-- \/ Yoast SEO plugin. -->","yoast_head_json":{"title":"2024 - Musikverein Sinzenich 1952 e.V.","robots":{"index":"index","follow":"follow","max-snippet":"max-snippet:-1","max-image-preview":"max-image-preview:large","max-video-preview":"max-video-preview:-1"},"canonical":"https:\/\/musikverein-sinzenich.de\/index.php\/2024-2\/","og_locale":"de_DE","og_type":"article","og_title":"2024 - Musikverein Sinzenich 1952 e.V.","og_url":"https:\/\/musikverein-sinzenich.de\/index.php\/2024-2\/","og_site_name":"Musikverein Sinzenich 1952 e.V.","article_modified_time":"2024-11-18T17:32:49+00:00","twitter_card":"summary_large_image","twitter_misc":{"Gesch\u00e4tzte Lesezeit":"2\u00a0Minuten"},"schema":{"@context":"https:\/\/schema.org","@graph":[{"@type":"WebPage","@id":"https:\/\/musikverein-sinzenich.de\/index.php\/2024-2\/","url":"https:\/\/musikverein-sinzenich.de\/index.php\/2024-2\/","name":"2024 - Musikverein Sinzenich 1952 e.V.","isPartOf":{"@id":"https:\/\/musikverein-sinzenich.de\/#website"},"datePublished":"2024-11-18T17:24:56+00:00","dateModified":"2024-11-18T17:32:49+00:00","breadcrumb":{"@id":"https:\/\/musikverein-sinzenich.de\/index.php\/2024-2\/#breadcrumb"},"inLanguage":"de","potentialAction":[{"@type":"ReadAction","target":["https:\/\/musikverein-sinzenich.de\/index.php\/2024-2\/"]}]},{"@type":"BreadcrumbList","@id":"https:\/\/musikverein-sinzenich.de\/index.php\/2024-2\/#breadcrumb","itemListElement":[{"@type":"ListItem","position":1,"name":"Startseite","item":"https:\/\/musikverein-sinzenich.de\/"},{"@type":"ListItem","position":2,"name":"2024"}]},{"@type":"WebSite","@id":"https:\/\/musikverein-sinzenich.de\/#website","url":"https:\/\/musikverein-sinzenich.de\/","name":"Musikverein Sinzenich 1952 e.V.","description":"Herzlich Willkommen auf der Webseite des MV Sinzenich!","potentialAction":[{"@type":"SearchAction","target":{"@type":"EntryPoint","urlTemplate":"https:\/\/musikverein-sinzenich.de\/?s={search_term_string}"},"query-input":{"@type":"PropertyValueSpecification","valueRequired":true,"valueName":"search_term_string"}}],"inLanguage":"de"}]}},"_links":{"self":[{"href":"https:\/\/musikverein-sinzenich.de\/index.php\/wp-json\/wp\/v2\/pages\/1260","targetHints":{"allow":["GET"]}}],"collection":[{"href":"https:\/\/musikverein-sinzenich.de\/index.php\/wp-json\/wp\/v2\/pages"}],"about":[{"href":"https:\/\/musikverein-sinzenich.de\/index.php\/wp-json\/wp\/v2\/types\/page"}],"author":[{"embeddable":true,"href":"https:\/\/musikverein-sinzenich.de\/index.php\/wp-json\/wp\/v2\/users\/1"}],"replies":[{"embeddable":true,"href":"https:\/\/musikverein-sinzenich.de\/index.php\/wp-json\/wp\/v2\/comments?post=1260"}],"version-history":[{"count":2,"href":"https:\/\/musikverein-sinzenich.de\/index.php\/wp-json\/wp\/v2\/pages\/1260\/revisions"}],"predecessor-version":[{"id":1268,"href":"https:\/\/musikverein-sinzenich.de\/index.php\/wp-json\/wp\/v2\/pages\/1260\/revisions\/1268"}],"wp:attachment":[{"href":"https:\/\/musikverein-sinzenich.de\/index.php\/wp-json\/wp\/v2\/media?parent=1260"}],"curies":[{"name":"wp","href":"https:\/\/api.w.org\/{rel}","templated":true}]}}